{"id":55,"date":"2026-04-24T07:23:58","date_gmt":"2026-04-24T07:23:58","guid":{"rendered":"https:\/\/asociatiametropolis.ro\/?page_id=55"},"modified":"2026-04-24T07:44:14","modified_gmt":"2026-04-24T07:44:14","slug":"nutricreativ-educatie-prin-arta-pentru-combaterea-risipei-alimentare","status":"publish","type":"page","link":"https:\/\/asociatiametropolis.ro\/?page_id=55","title":{"rendered":"NutriCreativ &#8211; educatie prin arta pentru combaterea risipei alimentare"},"content":{"rendered":"\n<div data-wp-interactive=\"core\/file\" class=\"wp-block-file\"><object data-wp-bind--hidden=\"!state.hasPdfPreview\" hidden class=\"wp-block-file__embed\" data=\"https:\/\/asociatiametropolis.ro\/wp-content\/uploads\/2026\/04\/Brosura-Nutricreativ-Print-compressed-1.pdf\" type=\"application\/pdf\" style=\"width:100%;height:600px\" aria-label=\"Embed of Brosura Nutricreativ.\"><\/object><a id=\"wp-block-file--media-7ece7ae6-5325-4865-9f3c-6b145741c3ce\" href=\"https:\/\/asociatiametropolis.ro\/wp-content\/uploads\/2026\/04\/Brosura-Nutricreativ-Print-compressed-1.pdf\">Brosura Nutricreativ<\/a><a href=\"https:\/\/asociatiametropolis.ro\/wp-content\/uploads\/2026\/04\/Brosura-Nutricreativ-Print-compressed-1.pdf\" class=\"wp-block-file__button wp-element-button\" download aria-describedby=\"wp-block-file--media-7ece7ae6-5325-4865-9f3c-6b145741c3ce\">Download<\/a><\/div>\n\n\n\n<p>Risipa alimentar\u0103 reprezint\u0103 o provocare major\u0103 \u00een Rom\u00e2nia: 83% dintre cet\u0103\u021beni recunosc c\u0103 arunc\u0103 m\u00e2ncare, \u00een special fructe, legume \u0219i p\u00e2ine, conform unui studiu realizat de Universitatea de \u0218tiin\u021be Agricole \u0219i Medicin\u0103 Veterinar\u0103 din Cluj-Napoca \u00een anul 2024. Pentru a r\u0103spunde acestei probleme, proiectul NutriCreativ propune o abordare inovatoare: educa\u021bie informal\u0103 prin art\u0103, menit\u0103 s\u0103 stimuleze g\u00e2ndirea critic\u0103, schimbarea comportamental\u0103 \u0219i implicarea comunit\u0103\u021bilor \u00een gestionarea responsabil\u0103 a hranei.<\/p>\n\n\n\n<p>NutriCreativ urm\u0103re\u0219te combaterea risipei alimentare prin colectarea \u0219i analizarea informa\u021biilor legate de modele de produc\u021bie, utilizarea resurselor, sustenabilitate \u0219i distribu\u021bia alimentelor. Ini\u021biativa propune activit\u0103\u021bi de educa\u021bie alternativ\u0103 desf\u0103\u0219urate \u00een spa\u021bii publice \u0219i online, implic\u00e2nd activ grupuri comunitare. Scopul este de a aborda cauzele risipei alimentare \u00een mediul urban, precum nivelul redus de colectare selectiv\u0103 \u0219i lipsa facilit\u0103\u021bilor pentru compostare.<\/p>\n\n\n\n<p>Proiectul aduce \u00eempreun\u0103 comunit\u0103\u021bile din Bucure\u0219ti, Peri\u0219, jude\u021bul Ilfov \u0219i din Petro\u0219ani jude\u021bul Hunedoara, printr-o serie de ateliere tematice precum \u201eEmo\u021biile \u0219i alimenta\u021bia\u201d, \u201eProduc\u021bie, alergeni \u0219i risip\u0103\u201d \u0219i \u201eEat Art\u201d, dar \u0219i printr-o instala\u021bie de teatru senzorial cu rol educa\u021bional. De asemenea, NutriCreativ include dialoguri publice despre practici sustenabile \u0219i activit\u0103\u021bi de implicare comunitar\u0103, cu un accent deosebit pe educa\u021bia copiilor \u0219i pe formarea unor obiceiuri alimentare responsabile.<\/p>\n\n\n\n<p>Atelierele NutriCreativ se vor desf\u0103\u0219ura \u00een perioada septembrie &#8211; octombrie, fiind sus\u021binute de trainerii Anca Munteanu, Alina Tofan, Andrada Spafiu, Alexandra Br\u00eenzac, Larisa Tofan \u0219i Popa Bogdan. Crea\u021biile artistice rezultate vor fi prezentate la finalul lunii octombrie, iar instala\u021bia de teatru senzorial va fi realizat\u0103 de arti\u0219tii Alina Tofan, Anca Munteanu, \u0218tefan Bl\u0103nic\u0103, Paul Ruben Grec, Larisa Tofan, cu participarea artistei Marieke Leene (Olanda\/Portugalia). De asemenea, proiectul include interven\u021bii online pe Twitch al\u0103turi de traineri \u0219i de Cristina Petrescu-Ghenea, parte din echipa podcastului Re.Conectat, un podcast care exploreaz\u0103 rela\u021biile pornind de la leg\u0103tura cu propriul corp, prin conversa\u021bii intime \u0219i vulnerabile ce ajut\u0103 ascult\u0103torii s\u0103 fie mai bl\u00e2nzi cu propriul corp.<\/p>\n\n\n\n<p>Proiectul atrage aten\u021bia \u0219i asupra impactului global al sistemului alimentar industrializat: lan\u021buri de aprovizionare lungi \u0219i ineficiente, supraproduc\u021bia, consumul excesiv de carne, pierderea biodiversit\u0103\u021bii \u0219i epuizarea resurselor naturale. Prin activit\u0103\u021bi educa\u021bionale \u0219i artistice, NutriCreativ stimuleaz\u0103 con\u0219tientizarea social\u0103 \u0219i ecologic\u0103, propun\u00e2nd o leg\u0103tur\u0103 mai s\u0103n\u0103toas\u0103 \u00eentre om, natur\u0103 \u0219i hran\u0103.<\/p>\n\n\n\n<p>NutriCreativ demonstreaz\u0103 c\u0103 arta poate deveni un instrument eficient de educa\u021bie \u0219i schimbare, inspir\u00e2nd comunit\u0103\u021bile s\u0103 adopte practici responsabile \u00een gestionarea de\u0219eurilor \u0219i<br>utilizarea resurselor.<\/p>\n\n\n\n<hr class=\"wp-block-separator has-alpha-channel-opacity\"\/>\n\n\n\n<p>Parteneri: Plastic Art Performance Collective, Urban Lab, Asocia\u021bia Macaia.<\/p>\n\n\n\n<p>NutriCreativ este organizat de Asocia\u021bia Cultural\u0103 Metropolis, proiect co-finan\u021bat de Administra\u0163ia Fondului Cultural Na\u0163ional.<\/p>\n\n\n\n<p>\u201eProiectul nu reprezint\u0103 \u00een mod necesar pozi\u0163ia Administra\u021biei Fondului Cultural Na\u021bional. AFCN nu este responsabil\u0103 de con\u021binutul proiectului sau de modul \u00een care rezultatele proiectului pot fi folosite. Acestea sunt \u00een \u00eentregime responsabilitatea beneficiarului finan\u021b\u0103rii.\u201d<\/p>\n\n\n\n<figure class=\"wp-block-gallery has-nested-images columns-default is-cropped wp-block-gallery-1 is-layout-flex wp-block-gallery-is-layout-flex\">\n<figure class=\"wp-block-image size-full\"><img loading=\"lazy\" decoding=\"async\" width=\"856\" height=\"1100\" data-id=\"75\" src=\"https:\/\/asociatiametropolis.ro\/wp-content\/uploads\/2026\/04\/Afis-Nutricreativ-1.jpeg\" alt=\"\" class=\"wp-image-75\" srcset=\"https:\/\/asociatiametropolis.ro\/wp-content\/uploads\/2026\/04\/Afis-Nutricreativ-1.jpeg 856w, https:\/\/asociatiametropolis.ro\/wp-content\/uploads\/2026\/04\/Afis-Nutricreativ-1-768x987.jpeg 768w\" sizes=\"auto, (max-width: 856px) 100vw, 856px\" \/><\/figure>\n<\/figure>\n","protected":false},"excerpt":{"rendered":"<p>Risipa alimentar\u0103 reprezint\u0103 o provocare major\u0103 \u00een Rom\u00e2nia: 83% dintre cet\u0103\u021beni recunosc c\u0103 arunc\u0103 m\u00e2ncare, \u00een special fructe, legume \u0219i p\u00e2ine, conform unui studiu realizat de Universitatea de \u0218tiin\u021be Agricole \u0219i Medicin\u0103 Veterinar\u0103 din Cluj-Napoca \u00een anul 2024. Pentru a r\u0103spunde acestei probleme, proiectul NutriCreativ propune o abordare inovatoare: educa\u021bie informal\u0103 prin art\u0103, menit\u0103 s\u0103 [&hellip;]<\/p>\n","protected":false},"author":1,"featured_media":0,"parent":0,"menu_order":0,"comment_status":"closed","ping_status":"closed","template":"","meta":{"footnotes":""},"class_list":["post-55","page","type-page","status-publish","hentry"],"_links":{"self":[{"href":"https:\/\/asociatiametropolis.ro\/index.php?rest_route=\/wp\/v2\/pages\/55","targetHints":{"allow":["GET"]}}],"collection":[{"href":"https:\/\/asociatiametropolis.ro\/index.php?rest_route=\/wp\/v2\/pages"}],"about":[{"href":"https:\/\/asociatiametropolis.ro\/index.php?rest_route=\/wp\/v2\/types\/page"}],"author":[{"embeddable":true,"href":"https:\/\/asociatiametropolis.ro\/index.php?rest_route=\/wp\/v2\/users\/1"}],"replies":[{"embeddable":true,"href":"https:\/\/asociatiametropolis.ro\/index.php?rest_route=%2Fwp%2Fv2%2Fcomments&post=55"}],"version-history":[{"count":9,"href":"https:\/\/asociatiametropolis.ro\/index.php?rest_route=\/wp\/v2\/pages\/55\/revisions"}],"predecessor-version":[{"id":76,"href":"https:\/\/asociatiametropolis.ro\/index.php?rest_route=\/wp\/v2\/pages\/55\/revisions\/76"}],"wp:attachment":[{"href":"https:\/\/asociatiametropolis.ro\/index.php?rest_route=%2Fwp%2Fv2%2Fmedia&parent=55"}],"curies":[{"name":"wp","href":"https:\/\/api.w.org\/{rel}","templated":true}]}}