{"id":1020,"date":"2023-08-09T10:12:35","date_gmt":"2023-08-09T10:12:35","guid":{"rendered":"https:\/\/asociatiametropolis.ro\/timisoaramultietnica\/?page_id=1020"},"modified":"2023-08-09T10:12:35","modified_gmt":"2023-08-09T10:12:35","slug":"my-journey-to-romania","status":"publish","type":"page","link":"https:\/\/asociatiametropolis.ro\/timisoaramultietnica\/my-journey-to-romania\/","title":{"rendered":"My journey to Romania"},"content":{"rendered":"<iframe loading=\"lazy\"  id=\"_ytid_38922\"  width=\"640\" height=\"360\"  data-origwidth=\"640\" data-origheight=\"360\" src=\"https:\/\/www.youtube.com\/embed\/fdpb3H06Btc?enablejsapi=1&autoplay=0&cc_load_policy=0&cc_lang_pref=&iv_load_policy=1&loop=0&modestbranding=0&rel=1&fs=1&playsinline=0&autohide=2&theme=dark&color=red&controls=1&\" class=\"__youtube_prefs__  no-lazyload\" title=\"YouTube player\"  allow=\"accelerometer; autoplay; clipboard-write; encrypted-media; gyroscope; picture-in-picture\" allowfullscreen data-no-lazy=\"1\" data-skipgform_ajax_framebjll=\"\"><\/iframe>\n<p>Filmul este despre Timi\u0219oara v\u0103zut\u0103 prin ochii norvegianului Christoffer, nepotul celebrului ziarist \u0219i scriitor Jahn Otto Johansen care \u00een anii \u201880 a f\u0103cut o c\u0103l\u0103torie \u00een Rom\u00e2nia \u0219i a scris o carte despre \u021bara noastr\u0103. Filmul urm\u0103re\u0219te c\u0103l\u0103toria lui Christoffer pentru prima dat\u0103 \u00een Timi\u0219oara. Christoffer \u00ee\u0219i propune s\u0103 vad\u0103 ce este Rom\u00e2nia ast\u0103zi dup\u0103 30 de ani de la vizita bunicului<\/p>\n<p>&nbsp;<\/p>\n<ul class=\"list1\">\n<li>\n<h3>Regia<\/h3>\n<p>Florin Iepan<\/li>\n<li>\n<h3>Cu<\/h3>\n<p>Christoffer Ekenes Johansen Baltazhar<\/li>\n<li>\n<h3>Gen film<\/h3>\n<div id=\"movieGenreUserChoiceResults\">\n<ul>\n<li>Documentar<\/li>\n<\/ul>\n<\/div>\n<\/li>\n<li>\n<h3>Durata<\/h3>\n<p>62 minute<\/li>\n<\/ul>\n","protected":false},"excerpt":{"rendered":"<p>Filmul este despre Timi\u0219oara v\u0103zut\u0103 prin ochii norvegianului Christoffer, nepotul celebrului ziarist \u0219i scriitor Jahn Otto Johansen care \u00een anii \u201880 a f\u0103cut o c\u0103l\u0103torie \u00een Rom\u00e2nia \u0219i a scris o carte despre \u021bara noastr\u0103. Filmul urm\u0103re\u0219te c\u0103l\u0103toria lui Christoffer pentru prima dat\u0103 \u00een Timi\u0219oara. Christoffer \u00ee\u0219i propune s\u0103 vad\u0103 ce este Rom\u00e2nia ast\u0103zi dup\u0103 [&hellip;]<\/p>\n","protected":false},"author":2,"featured_media":0,"parent":0,"menu_order":0,"comment_status":"closed","ping_status":"closed","template":"","meta":{"footnotes":""},"class_list":["post-1020","page","type-page","status-publish","hentry"],"_links":{"self":[{"href":"https:\/\/asociatiametropolis.ro\/timisoaramultietnica\/wp-json\/wp\/v2\/pages\/1020","targetHints":{"allow":["GET"]}}],"collection":[{"href":"https:\/\/asociatiametropolis.ro\/timisoaramultietnica\/wp-json\/wp\/v2\/pages"}],"about":[{"href":"https:\/\/asociatiametropolis.ro\/timisoaramultietnica\/wp-json\/wp\/v2\/types\/page"}],"author":[{"embeddable":true,"href":"https:\/\/asociatiametropolis.ro\/timisoaramultietnica\/wp-json\/wp\/v2\/users\/2"}],"replies":[{"embeddable":true,"href":"https:\/\/asociatiametropolis.ro\/timisoaramultietnica\/wp-json\/wp\/v2\/comments?post=1020"}],"version-history":[{"count":2,"href":"https:\/\/asociatiametropolis.ro\/timisoaramultietnica\/wp-json\/wp\/v2\/pages\/1020\/revisions"}],"predecessor-version":[{"id":1024,"href":"https:\/\/asociatiametropolis.ro\/timisoaramultietnica\/wp-json\/wp\/v2\/pages\/1020\/revisions\/1024"}],"wp:attachment":[{"href":"https:\/\/asociatiametropolis.ro\/timisoaramultietnica\/wp-json\/wp\/v2\/media?parent=1020"}],"curies":[{"name":"wp","href":"https:\/\/api.w.org\/{rel}","templated":true}]}}