{"id":22,"date":"2023-02-07T11:17:28","date_gmt":"2023-02-07T11:17:28","guid":{"rendered":"https:\/\/asociatiametropolis.ro\/timisoaramultietnica\/about\/"},"modified":"2023-02-28T10:53:29","modified_gmt":"2023-02-28T10:53:29","slug":"about","status":"publish","type":"page","link":"https:\/\/asociatiametropolis.ro\/timisoaramultietnica\/about\/","title":{"rendered":"Despre noi"},"content":{"rendered":"<p>[vc_row][vc_column][vc_column_text]<\/p>\n<p><img loading=\"lazy\" decoding=\"async\" class=\"size-full wp-image-108 alignleft\" src=\"https:\/\/asociatiametropolis.ro\/timisoaramultietnica\/wp-content\/uploads\/2023\/02\/logo-fundatia-culturala-metropolis-final-e1676026721466.png\" alt=\"\" width=\"200\" height=\"54\" \/><\/p>\n<p>Asocia\u021bia Cultural\u0103 Metropolis, \u00een parteneriat cu ONG-ul norvegian Romers Rettigheter, d\u0103 startul unui nou demers de promovare a multiculturalismului prin art\u0103 \u0219i tradi\u021bii \u0219i un exerci\u021biu de \u00een\u021belegere \u0219i de cunoa\u0219tere a celorlal\u021bi. \u00cen iulie 2023 va avea loc premiera\u00a0<em>Timi\u0219oara- Capital\u0103 European\u0103 a convie\u021buirii multietnice<\/em>, un film documentar regizat de Florin Iepan despre Timi\u0219oara v\u0103zut\u0103 prin ochii norvegianului Christo Balthazar, nepotul ziaristului \u0219i scriitorului Jahn Otto Johansen, autorul c\u0103r\u021bii\u00a0<em>Rom\u00e2nia: O colec\u021bie de articole<\/em>, decorat de pre\u0219edintele Rom\u00e2niei.<\/p>\n\n<p>\u00cen contextul \u00een care Timi\u0219oara va fi \u201eCapital\u0103 European\u0103 a Culturii\u201d \u00een 2023, ini\u021biativa urm\u0103re\u0219te s\u0103 eviden\u021bieze bog\u0103\u021bia \u0219i diversitatea culturilor at\u00e2t din Europa, c\u00e2t \u0219i din Rom\u00e2nia \u0219i Timi\u0219oara, s\u0103 celebreze tr\u0103s\u0103turile culturale pe care europenii le \u00eemp\u0103rt\u0103\u0219esc, s\u0103 creasc\u0103 sentimentul de apartenen\u021b\u0103 al cet\u0103\u021benilor la o zon\u0103 cultural\u0103 comun\u0103 \u0219i s\u0103 favorizeze contribu\u021bia culturii la dezvoltarea ora\u0219elor. Astfel, vor fi documentate interac\u021biunea \u0219i contribu\u021bia la via\u021ba social\u0103, politic\u0103, economic\u0103 \u0219i cultural\u0103 din prezent a principalelor etnii din Timi\u0219oara, reconfirm\u00e2ndu-se tradi\u021bia multicultural\u0103 a Timi\u0219oarei \u0219i \u00eent\u0103rindu-se imaginea de centru multietnic \u0219i multireligios func\u021bional.<\/p>\n\n<p>Documentarul va vorbi despre tradi\u021bii \u0219i obiceiuri dar \u0219i despre noile afaceri locale ale celor care s-au stabilit \u00een Timi\u0219oara \u00een ultimii 20-30 de ani, despre gastronomia s\u00e2rbeasc\u0103, despre me\u0219te\u0219ugurile \u0219i muzica rom\u0103, despre literatura \u0219i teatrul maghiar dar \u0219i despre noile afaceri ale comunit\u0103\u021bilor italiene, turce\u0219ti etc. Prin promovarea multiculturalismului \u00een art\u0103 \u0219i tradi\u021bii, prin facilitarea dialogului intercultural \u00eentre principalele comunit\u0103\u021bi etnice din Timi\u0219oara \u0219i publicul larg, proiectul \u00ee\u0219i dore\u0219te s\u0103 sporeasc\u0103 \u00een\u021belegerea \u0219i acceptarea diversit\u0103\u021bii, con\u0219tientizarea realit\u0103\u021bilor sociale curente \u0219i pe dezvoltarea recept\u0103rii diversit\u0103\u021bii culturale.<\/p>\n\n<p>Filmul va avea ca punct de pornire povestea lui Christo, nepotul celebrului ziarist norvegian decorat de pre\u0219edintele Rom\u00e2niei \u00een 2014 pentru meritele aduse imaginii Rom\u00e2niei \u00een Norvegia, prin cartea\u00a0\u00a0<em>Rom\u00e2nia: O colec\u021bie de articole.\u00a0<\/em>Christo va reface c\u0103l\u0103toria bunicului s\u0103u \u0219i documentarul va prezenta noile realit\u0103\u021bi prin ochii lui.<\/p>\n\n\n<hr class=\"wp-block-separator has-alpha-channel-opacity\" \/>\n\n\n<p><img loading=\"lazy\" decoding=\"async\" class=\"size-thumbnail wp-image-105 alignleft\" src=\"https:\/\/asociatiametropolis.ro\/timisoaramultietnica\/wp-content\/uploads\/2023\/02\/WhatsApp-Image-2023-02-07-at-4.05.12-PM-e1677580209342-300x267.jpeg\" alt=\"\" width=\"300\" height=\"267\" \/><\/p>\n<p>Romers Rettigheter a fost \u00eenfiin\u021bat\u0103 \u00een 2013, dup\u0103 ce un num\u0103r tot mai mare de romi care migreaz\u0103 \u00een Norvegia au sim\u021bit nevoia de a-\u0219i proteja drepturile sociale \u0219i cet\u0103\u021bene\u0219ti. Asocia\u021bia lucreaz\u0103 cu romi norvegieni, romi care c\u0103l\u0103toresc \u00een Norvegia \u0219i, de asemenea, romi interna\u021bionali, urm\u0103rind \u0219i milit\u00e2nd \u00een mod activ \u00eempotriva urii rasiale \u00een mass-media \u0219i internet care \u00eei afecteaz\u0103 pe romi. De asemenea, coopereaz\u0103 cu alte organiza\u021bii de romi \u0219i ONG-uri din Norvegia \u0219i din Europa \u0219i particip\u0103 la mai multe proiecte multina\u021bionale. \u00cen trecut, Romers Rettigheter a mai implementat \u00een Rom\u00e2nia proiecte prin intermediul EEA Grants &#8211; Country School Project, proiect realizat \u00een parteneriat cu Asociatia Centrul de Resurse Apollo \u00een 2013 \u0219i scurtmetrajul \u201cChororo &#8211; Muzica Europei dincolo de prejudec\u0103\u021bi\u201d, proiect realizat \u00een parteneriat cu Abi Foundation \u00een 2016.<\/p>\n\n<p>Proiectul cu titlul Timi\u0219oara- Capital\u0103 european\u0103 a convie\u021buirii multietnice beneficiaz\u0103 de suma de 468548 lei finan\u021bare nerambursabil\u0103 de la Islanda, Liechtenstein \u0219i Norvegia prin Granturile SEE \u0219i norvegiene.<\/p>\n\n<p>Granturile SEE \u0219i norvegiene reprezint\u0103 contribu\u021bia Islandei, Principatului Liechtenstein \u0219i Norvegiei pentru o Europ\u0103 verde, competitiv\u0103 \u0219i incluziv\u0103. Sunt dou\u0103 obiective generale: reducerea disparit\u0103\u021bilor economice \u0219i sociale \u00een Europa \u0219i consolidarea rela\u021biilor bilaterale \u00eentre statele donatoare \u0219i 15 state UE din centrul \u0219i sudul Europei \u0219i statele baltice. Cele trei state donatoare coopereaz\u0103 \u00eendeaproape cu UE \u00een baza Acordului privind Spa\u021biul Economic European (SEE). \u00centre 1994 \u0219i 2014, statele donatoare au contribuit cu \u20ac3,3 miliarde prin scheme consecutive de grant. Pentru perioada 2014-2021, Granturile SEE \u0219i norvegiene se ridic\u0103 la \u20ac2,8 miliarde. Mai multe detalii sunt disponibile pe:\u00a0<a href=\"http:\/\/www.eeagrants.org\/\" target=\"_blank\" rel=\"noreferrer noopener\">www.eeagrants.org<\/a>\u00a0\u0219i\u00a0<a href=\"http:\/\/www.eeagrants.ro\/\" target=\"_blank\" rel=\"noreferrer noopener\">www.eeagrants.ro<\/a><\/p>\n\n<p>&nbsp;<\/p>\n<p>[\/vc_column_text][\/vc_column][\/vc_row]<\/p>\n","protected":false},"excerpt":{"rendered":"<p>[vc_row][vc_column][vc_column_text] Asocia\u021bia Cultural\u0103 Metropolis, \u00een parteneriat cu ONG-ul norvegian Romers Rettigheter, d\u0103 startul unui nou demers de promovare a multiculturalismului prin art\u0103 \u0219i tradi\u021bii \u0219i un exerci\u021biu de \u00een\u021belegere \u0219i de cunoa\u0219tere a celorlal\u021bi. \u00cen iulie 2023 va avea loc premiera\u00a0Timi\u0219oara- Capital\u0103 European\u0103 a convie\u021buirii multietnice, un film documentar regizat de Florin Iepan despre Timi\u0219oara [&hellip;]<\/p>\n","protected":false},"author":1,"featured_media":0,"parent":0,"menu_order":0,"comment_status":"closed","ping_status":"closed","template":"","meta":{"footnotes":""},"class_list":["post-22","page","type-page","status-publish","hentry"],"_links":{"self":[{"href":"https:\/\/asociatiametropolis.ro\/timisoaramultietnica\/wp-json\/wp\/v2\/pages\/22","targetHints":{"allow":["GET"]}}],"collection":[{"href":"https:\/\/asociatiametropolis.ro\/timisoaramultietnica\/wp-json\/wp\/v2\/pages"}],"about":[{"href":"https:\/\/asociatiametropolis.ro\/timisoaramultietnica\/wp-json\/wp\/v2\/types\/page"}],"author":[{"embeddable":true,"href":"https:\/\/asociatiametropolis.ro\/timisoaramultietnica\/wp-json\/wp\/v2\/users\/1"}],"replies":[{"embeddable":true,"href":"https:\/\/asociatiametropolis.ro\/timisoaramultietnica\/wp-json\/wp\/v2\/comments?post=22"}],"version-history":[{"count":4,"href":"https:\/\/asociatiametropolis.ro\/timisoaramultietnica\/wp-json\/wp\/v2\/pages\/22\/revisions"}],"predecessor-version":[{"id":1018,"href":"https:\/\/asociatiametropolis.ro\/timisoaramultietnica\/wp-json\/wp\/v2\/pages\/22\/revisions\/1018"}],"wp:attachment":[{"href":"https:\/\/asociatiametropolis.ro\/timisoaramultietnica\/wp-json\/wp\/v2\/media?parent=22"}],"curies":[{"name":"wp","href":"https:\/\/api.w.org\/{rel}","templated":true}]}}