{"id":743,"date":"2018-11-21T06:55:44","date_gmt":"2018-11-21T06:55:44","guid":{"rendered":"http:\/\/demo.cmssuperheroes.com\/themeforest\/celia\/?page_id=13"},"modified":"2023-02-28T10:49:18","modified_gmt":"2023-02-28T10:49:18","slug":"home","status":"publish","type":"page","link":"https:\/\/asociatiametropolis.ro\/timisoaramultietnica\/","title":{"rendered":"Home"},"content":{"rendered":"<p>[vc_row full_width=&#8221;stretch_row_content_no_spaces&#8221; cms_row_class=&#8221;row-visible&#8221;][vc_column]\n\t\t\t<!-- START Home 1 REVOLUTION SLIDER 6.3.6 --><p class=\"rs-p-wp-fix\"><\/p>\n\t\t\t<rs-module-wrap id=\"rev_slider_3_1_wrapper\" data-source=\"gallery\" style=\"background:transparent;padding:0;margin:0px auto;margin-top:0;margin-bottom:0;max-width:;\">\n\t\t\t\t<rs-module id=\"rev_slider_3_1\" style=\"\" data-version=\"6.3.6\">\n\t\t\t\t\t<rs-slides>\n\t\t\t\t\t\t<rs-slide data-key=\"rs-5\" data-title=\"Slide\" data-anim=\"ei:d;eo:d;s:600;r:0;t:fade;sl:d;\">\n\t\t\t\t\t\t\t<img loading=\"lazy\" decoding=\"async\" src=\"\/\/asociatiametropolis.ro\/timisoaramultietnica\/wp-content\/uploads\/2023\/02\/slider_tranparency.png\" title=\"slider_tranparency\" width=\"1400\" height=\"380\" class=\"rev-slidebg\" data-no-retina>\n<!--\n\t\t\t\t\t\t\t--><rs-group\n\t\t\t\t\t\t\t\tid=\"slider-3-slide-5-layer-2\" \n\t\t\t\t\t\t\t\tdata-type=\"group\"\n\t\t\t\t\t\t\t\tdata-xy=\"x:l,l,c,c;xo:50px,150px,0,0;y:m;\"\n\t\t\t\t\t\t\t\tdata-text=\"l:22;a:inherit;\"\n\t\t\t\t\t\t\t\tdata-dim=\"w:800px,700px,700px,700px;h:342px;\"\n\t\t\t\t\t\t\t\tdata-rsp_bd=\"off\"\n\t\t\t\t\t\t\t\tdata-frame_1=\"sR:10;\"\n\t\t\t\t\t\t\t\tdata-frame_999=\"o:0;st:w;sp:600;sR:8690;sA:9000;\"\n\t\t\t\t\t\t\t\tstyle=\"z-index:12;\"\n\t\t\t\t\t\t\t><!--\n\t\t\t\t\t\t\t\t--><rs-layer\n\t\t\t\t\t\t\t\t\tid=\"slider-3-slide-5-layer-3\" \n\t\t\t\t\t\t\t\t\tdata-type=\"text\"\n\t\t\t\t\t\t\t\t\tdata-color=\"#474747\"\n\t\t\t\t\t\t\t\t\tdata-xy=\"x:l,l,c,c;xo:-1px,-1px,0,0;yo:126px;\"\n\t\t\t\t\t\t\t\t\tdata-text=\"s:20,20,15,12;l:26,26,24,20;fw:300;a:inherit,inherit,center,center;\"\n\t\t\t\t\t\t\t\t\tdata-rsp_o=\"off\"\n\t\t\t\t\t\t\t\t\tdata-rsp_bd=\"off\"\n\t\t\t\t\t\t\t\t\tdata-frame_0=\"x:50px;\"\n\t\t\t\t\t\t\t\t\tdata-frame_1=\"e:easeOutCirc;st:900;sp:600;sR:890;\"\n\t\t\t\t\t\t\t\t\tdata-frame_999=\"x:-50px;o:0;e:easeOutCirc;st:w;sp:600;sR:7500;\"\n\t\t\t\t\t\t\t\t\tstyle=\"z-index:11;font-family:Ubuntu;font-style:italic;\"\n\t\t\t\t\t\t\t\t>Timi\u0219oara- Capital\u0103 European\u0103 a convie\u021buirii multietnice<br\/> este un film documentar regizat de Florin Iepan despre<br\/> Timi\u0219oara v\u0103zut\u0103 prin ochii norvegianului Christo Balthazar, <br\/>nepotul ziaristului \u0219i scriitorului Jahn Otto Johansen. \n\t\t\t\t\t\t\t\t<\/rs-layer><!--\n\n\t\t\t\t\t\t\t\t--><rs-layer\n\t\t\t\t\t\t\t\t\tid=\"slider-3-slide-5-layer-5\" \n\t\t\t\t\t\t\t\t\tdata-type=\"image\"\n\t\t\t\t\t\t\t\t\tdata-xy=\"xo:-102px;yo:0,0,-9999px,-9999px;\"\n\t\t\t\t\t\t\t\t\tdata-text=\"l:22;a:inherit;\"\n\t\t\t\t\t\t\t\t\tdata-dim=\"w:['277px','277px','277px','277px'];h:['341px','341px','341px','341px'];\"\n\t\t\t\t\t\t\t\t\tdata-vbility=\"t,t,f,f\"\n\t\t\t\t\t\t\t\t\tdata-rsp_o=\"off\"\n\t\t\t\t\t\t\t\t\tdata-rsp_bd=\"off\"\n\t\t\t\t\t\t\t\t\tdata-frame_1=\"e:easeOutCirc;st:700;sp:600;sR:690;\"\n\t\t\t\t\t\t\t\t\tdata-frame_999=\"o:0;e:easeOutCirc;st:w;sp:600;sR:7700;\"\n\t\t\t\t\t\t\t\t\tstyle=\"z-index:10;\"\n\t\t\t\t\t\t\t\t><img loading=\"lazy\" decoding=\"async\" src=\"\/\/asociatiametropolis.ro\/timisoaramultietnica\/wp-content\/uploads\/2018\/12\/border-slider.png\" width=\"277\" height=\"341\" data-no-retina> \n\t\t\t\t\t\t\t\t<\/rs-layer><!--\n\t\t\t\t\t\t\t--><\/rs-group><!--\n\n\t\t\t\t\t\t\t--><rs-layer\n\t\t\t\t\t\t\t\tid=\"slider-3-slide-5-layer-1\" \n\t\t\t\t\t\t\t\tclass=\"ft-boldoblique\"\n\t\t\t\t\t\t\t\tdata-type=\"text\"\n\t\t\t\t\t\t\t\tdata-color=\"#222222\"\n\t\t\t\t\t\t\t\tdata-xy=\"x:l,l,c,c;xo:51px,51px,0,0;yo:211px,211px,47px,47px;\"\n\t\t\t\t\t\t\t\tdata-text=\"s:65,65,48,36;l:65,65,65,48;a:inherit;\"\n\t\t\t\t\t\t\t\tdata-rsp_o=\"off\"\n\t\t\t\t\t\t\t\tdata-rsp_bd=\"off\"\n\t\t\t\t\t\t\t\tdata-frame_0=\"x:50px;\"\n\t\t\t\t\t\t\t\tdata-frame_1=\"e:easeOutCirc;st:700;sp:600;sR:700;\"\n\t\t\t\t\t\t\t\tdata-frame_999=\"x:-50px;o:0;e:easeOutCirc;st:w;sp:600;sR:7700;\"\n\t\t\t\t\t\t\t\tstyle=\"z-index:9;font-family:Open Sans;\"\n\t\t\t\t\t\t\t>Timisoara Multietnica \n\t\t\t\t\t\t\t<\/rs-layer><!--\n\n\t\t\t\t\t\t\t--><rs-layer\n\t\t\t\t\t\t\t\tid=\"slider-3-slide-5-layer-4\" \n\t\t\t\t\t\t\t\tdata-type=\"text\"\n\t\t\t\t\t\t\t\tdata-xy=\"x:l,l,c,c;yo:233px;\"\n\t\t\t\t\t\t\t\tdata-text=\"l:22;a:inherit;\"\n\t\t\t\t\t\t\t\tdata-actions='o:click;a:simplelink;target:_self;url:#;'\n\t\t\t\t\t\t\t\tdata-rsp_o=\"off\"\n\t\t\t\t\t\t\t\tdata-rsp_bd=\"off\"\n\t\t\t\t\t\t\t\tdata-frame_0=\"x:50px;\"\n\t\t\t\t\t\t\t\tdata-frame_1=\"e:easeOutCirc;sp:600;\"\n\t\t\t\t\t\t\t\tdata-frame_999=\"x:-50px;o:0;e:easeOutCirc;st:8900;sp:600;sR:8300;\"\n\t\t\t\t\t\t\t\tstyle=\"z-index:8;font-family:Open Sans;\"\n\t\t\t\t\t\t\t> \n\t\t\t\t\t\t\t<\/rs-layer><!--\n-->\t\t\t\t\t\t<\/rs-slide>\n\t\t\t\t\t<\/rs-slides>\n\t\t\t\t<\/rs-module>\n\t\t\t\t<script type=\"text\/javascript\">\n\t\t\t\t\tsetREVStartSize({c: 'rev_slider_3_1',rl:[1240,1024,778,480],el:[673,673,673,673],gw:[1400,1024,778,480],gh:[673,673,673,673],type:'standard',justify:'',layout:'fullwidth',mh:\"0\"});\n\t\t\t\t\tvar\trevapi3,\n\t\t\t\t\t\ttpj;\n\t\t\t\t\tfunction revinit_revslider31() {\n\t\t\t\t\tjQuery(function() {\n\t\t\t\t\t\ttpj = jQuery;\n\t\t\t\t\t\trevapi3 = tpj(\"#rev_slider_3_1\");\n\t\t\t\t\t\tif(revapi3==undefined || revapi3.revolution == undefined){\n\t\t\t\t\t\t\trevslider_showDoubleJqueryError(\"rev_slider_3_1\");\n\t\t\t\t\t\t}else{\n\t\t\t\t\t\t\trevapi3.revolution({\n\t\t\t\t\t\t\t\tdottedOverlay:\"twoxtwowhite\",\n\t\t\t\t\t\t\t\tvisibilityLevels:\"1240,1024,778,480\",\n\t\t\t\t\t\t\t\tgridwidth:\"1400,1024,778,480\",\n\t\t\t\t\t\t\t\tgridheight:\"673,673,673,673\",\n\t\t\t\t\t\t\t\tspinner:\"spinner0\",\n\t\t\t\t\t\t\t\tperspective:600,\n\t\t\t\t\t\t\t\tperspectiveType:\"local\",\n\t\t\t\t\t\t\t\teditorheight:\"673,673,673,673\",\n\t\t\t\t\t\t\t\tresponsiveLevels:\"1240,1024,778,480\",\n\t\t\t\t\t\t\t\tprogressBar:{disableProgressBar:true},\n\t\t\t\t\t\t\t\tnavigation: {\n\t\t\t\t\t\t\t\t\tonHoverStop:false\n\t\t\t\t\t\t\t\t},\n\t\t\t\t\t\t\t\tfallbacks: {\n\t\t\t\t\t\t\t\t\tallowHTML5AutoPlayOnAndroid:true\n\t\t\t\t\t\t\t\t},\n\t\t\t\t\t\t\t});\n\t\t\t\t\t\t}\n\t\t\t\t\t\t\n\t\t\t\t\t});\n\t\t\t\t\t} \/\/ End of RevInitScript\n\t\t\t\tvar once_revslider31 = false;\n\t\t\t\tif (document.readyState === \"loading\") {document.addEventListener('readystatechange',function() { if((document.readyState === \"interactive\" || document.readyState === \"complete\") && !once_revslider31 ) { once_revslider31 = true; revinit_revslider31();}});} else {once_revslider31 = true; revinit_revslider31();}\n\t\t\t\t<\/script>\n\t\t\t\t<script>\n\t\t\t\t\tvar htmlDivCss = unescape(\"%40media%20screen%20and%20%28min-width%3A%20768px%29%20%7B%0A%09.tp-dottedoverlay%20%7B%0A%20%20%20%20%09display%3A%20none%20%21important%3B%0A%20%20%20%20%7D%0A%7D%0A%40media%20screen%20and%20%28max-width%3A%20767px%29%20%7B%0A%20%20.tparrows%20%7B%0A%20%20%09display%3A%20none%20%21important%3B%0A%20%20%7D%0A%20%20.tp-dottedoverlay%20%7B%0A%20%20%20%20%20%20background-image%3A%20none%20%21important%3B%0A%20%20%20%20%20%20background-color%3A%20rgba%28255%2C255%2C255%2C0.85%29%20%21important%3B%0A%20%20%7D%0A%7D\");\n\t\t\t\t\tvar htmlDiv = document.getElementById('rs-plugin-settings-inline-css');\n\t\t\t\t\tif(htmlDiv) {\n\t\t\t\t\t\thtmlDiv.innerHTML = htmlDiv.innerHTML + htmlDivCss;\n\t\t\t\t\t}else{\n\t\t\t\t\t\tvar htmlDiv = document.createElement('div');\n\t\t\t\t\t\thtmlDiv.innerHTML = '<style>' + htmlDivCss + '<\/style>';\n\t\t\t\t\t\tdocument.getElementsByTagName('head')[0].appendChild(htmlDiv.childNodes[0]);\n\t\t\t\t\t}\n\t\t\t\t<\/script>\n\t\t\t<\/rs-module-wrap>\n\t\t\t<!-- END REVOLUTION SLIDER -->\n[\/vc_column][\/vc_row][vc_row][vc_column css=&#8221;.vc_custom_1544242659987{padding-top: 95px !important;padding-bottom: 50px !important;}&#8221;][vc_row_inner][vc_column_inner width=&#8221;5\/6&#8243;][cms_heading text=&#8221;Timisoara- Capitala Europeana a convietuirii multietnice, un film documentar despre Timisoara, va avea premiera \u00een iulie 2023&#8243; font_size_md=&#8221;36&#8243; font_size_sm=&#8221;32&#8243; font_size_xs=&#8221;30&#8243; divider=&#8221;hide&#8221; divider_position=&#8221;after-title&#8221; sub_title_font_size=&#8221;18&#8243; margin_top=&#8221;10&#8243;][\/vc_column_inner][vc_column_inner width=&#8221;1\/6&#8243;][\/vc_column_inner][\/vc_row_inner][vc_empty_space height=&#8221;34&#8243;][vc_row_inner][vc_column_inner width=&#8221;1\/3&#8243; css=&#8221;.vc_custom_1543905945384{padding-top: 0px !important;padding-bottom: 45px !important;}&#8221; animation_column=&#8221;fadeInRight&#8221;][cms_fancybox btn_text=&#8221;Citeste mai mult!&#8221; btn_link=&#8221;url:https%3A%2F%2Fasociatiametropolis.ro%2Ftimisoaramultietnica%2F2023%2F02%2F15%2Ftimisoara-capitala-europeana-a-convietuirii-multietnice%2F|title:Timisoara-%20Capitala%20Europeana%20a%20convietuirii%20multietnice&#8221; title=&#8221;Povestea&#8221; description=&#8221;Asocia\u021bia Cultural\u0103 Metropolis, \u00een parteneriat cu ONG-ul norvegian Romers Rettigheter,<br \/>\nd\u0103 startul unui nou demers de promovare a multiculturalismului prin art\u0103 \u0219i tradi\u021bii \u0219i un exerci\u021biu<br \/>\nde \u00een\u021belegere \u0219i de cunoa\u0219tere a celorlal\u021bi. \u00cen iulie 2023 va avea loc premiera Timi\u0219oara- Capital\u0103<br \/>\nEuropean\u0103 a convie\u021buirii multietnice, un film documentar regizat de Florin Iepan despre<br \/>\nTimi\u0219oara v\u0103zut\u0103 prin ochii norvegianului Christo Balthazar, nepotul ziaristului \u0219i scriitorului<br \/>\nJahn Otto Johansen, autorul c\u0103r\u021bii Rom\u00e2nia: O colec\u021bie de articole, decorat de pre\u0219edintele<br \/>\nRom\u00e2niei.&#8221;][\/vc_column_inner][vc_column_inner width=&#8221;1\/3&#8243; css=&#8221;.vc_custom_1543905954440{padding-top: 0px !important;padding-bottom: 45px !important;}&#8221; animation_column=&#8221;fadeInRight&#8221;][cms_fancybox btn_text=&#8221;Citeste mai mult&#8221; btn_link=&#8221;url:https%3A%2F%2Fasociatiametropolis.ro%2Ftimisoaramultietnica%2F2023%2F02%2F15%2Ftimisoara-capitala-europeana-a-convietuirii-multietnice%2F|title:Timisoara-%20Capitala%20Europeana%20a%20convietuirii%20multietnice&#8221; title=&#8221;Context&#8221; description=&#8221;\u00cen contextul \u00een care Timi\u0219oara va fi \u201eCapital\u0103 European\u0103 a Culturii\u201d \u00een 2023, ini\u021biativa<br \/>\nurm\u0103re\u0219te s\u0103 eviden\u021bieze bog\u0103\u021bia \u0219i diversitatea culturilor at\u00e2t din Europa, c\u00e2t \u0219i din Rom\u00e2nia \u0219i<br \/>\nTimi\u0219oara, s\u0103 celebreze tr\u0103s\u0103turile culturale pe care europenii le \u00eemp\u0103rt\u0103\u0219esc, s\u0103 creasc\u0103<br \/>\nsentimentul de apartenen\u021b\u0103 al cet\u0103\u021benilor la o zon\u0103 cultural\u0103 comun\u0103 \u0219i s\u0103 favorizeze contribu\u021bia<br \/>\nculturii la dezvoltarea ora\u0219elor. Astfel, vor fi documentate interac\u021biunea \u0219i contribu\u021bia la via\u021ba<br \/>\nsocial\u0103, politic\u0103, economic\u0103 \u0219i cultural\u0103 din prezent a principalelor etnii din Timi\u0219oara,<br \/>\nreconfirm\u00e2ndu-se tradi\u021bia multicultural\u0103 a Timi\u0219oarei \u0219i \u00eent\u0103rindu-se imaginea de centru<br \/>\nmultietnic \u0219i multireligios func\u021bional.&#8221;][\/vc_column_inner][vc_column_inner width=&#8221;1\/3&#8243; css=&#8221;.vc_custom_1543905966081{padding-top: 0px !important;padding-bottom: 45px !important;}&#8221; animation_column=&#8221;fadeInRight&#8221;][cms_fancybox btn_text=&#8221;Citeste mai mult!&#8221; btn_link=&#8221;url:https%3A%2F%2Fasociatiametropolis.ro%2Ftimisoaramultietnica%2F2023%2F02%2F15%2Ftimisoara-capitala-europeana-a-convietuirii-multietnice%2F|title:Timisoara-%20Capitala%20Europeana%20a%20convietuirii%20multietnice&#8221; title=&#8221;Filmul&#8221; description=&#8221;Premiera filmului \u00een Rom\u00e2nia va avea loc \u00eentre 28 \u2013 30 iulie la Timi\u0219oara, \u00een cadrul unui<br \/>\nmini-festival de 3 zile \u00een aer liber, ce va include proiec\u021bii de film urmate de Q&amp;A-uri, o<br \/>\ndezbatere despre minorit\u0103\u021bi si schimbul cultural, incluz\u00e2nd tema imigra\u021biei \u0219i un t\u00e2rg de produse<\/p>\n<p>tradi\u021bionale. Ulterior premierei, filmul va putea fi vizionat pe platforme online din Rom\u00e2nia \u0219i<br \/>\nNorvegia.&#8221;][\/vc_column_inner][\/vc_row_inner][\/vc_column][\/vc_row][vc_row full_width=&#8221;stretch_row&#8221;][vc_column css=&#8221;.vc_custom_1543980601297{padding-top: 94px !important;padding-bottom: 80px !important;}&#8221;][vc_row_inner content_placement=&#8221;middle&#8221;][vc_column_inner width=&#8221;1\/3&#8243;][cms_heading text=&#8221;Comunicate de presa&#8221; divider=&#8221;show&#8221; divider_position=&#8221;after-title&#8221;][\/vc_column_inner][vc_column_inner width=&#8221;1\/2&#8243;][\/vc_column_inner][vc_column_inner width=&#8221;1\/6&#8243;][\/vc_column_inner][\/vc_row_inner][vc_empty_space height=&#8221;34&#8243;][cms_blog_carousel limit=&#8221;1&#8243; col_xs=&#8221;1&#8243; col_sm=&#8221;1&#8243; col_md=&#8221;1&#8243; col_lg=&#8221;1&#8243; col_xl=&#8221;1&#8243; col_xxl=&#8221;1&#8243; loop=&#8221;true&#8221;][vc_empty_space height=&#8221;22&#8243;][\/vc_column][\/vc_row]<\/p>\n","protected":false},"excerpt":{"rendered":"<p>[vc_row full_width=&#8221;stretch_row_content_no_spaces&#8221; cms_row_class=&#8221;row-visible&#8221;][vc_column][\/vc_column][\/vc_row][vc_row][vc_column css=&#8221;.vc_custom_1544242659987{padding-top: 95px !important;padding-bottom: 50px !important;}&#8221;][vc_row_inner][vc_column_inner width=&#8221;5\/6&#8243;][cms_heading text=&#8221;Timisoara- Capitala Europeana a convietuirii multietnice, un film documentar despre Timisoara, va avea premiera \u00een iulie 2023&#8243; font_size_md=&#8221;36&#8243; font_size_sm=&#8221;32&#8243; font_size_xs=&#8221;30&#8243; divider=&#8221;hide&#8221; divider_position=&#8221;after-title&#8221; sub_title_font_size=&#8221;18&#8243; margin_top=&#8221;10&#8243;][\/vc_column_inner][vc_column_inner width=&#8221;1\/6&#8243;][\/vc_column_inner][\/vc_row_inner][vc_empty_space height=&#8221;34&#8243;][vc_row_inner][vc_column_inner width=&#8221;1\/3&#8243; css=&#8221;.vc_custom_1543905945384{padding-top: 0px !important;padding-bottom: 45px !important;}&#8221; animation_column=&#8221;fadeInRight&#8221;][cms_fancybox btn_text=&#8221;Citeste mai mult!&#8221; btn_link=&#8221;url:https%3A%2F%2Fasociatiametropolis.ro%2Ftimisoaramultietnica%2F2023%2F02%2F15%2Ftimisoara-capitala-europeana-a-convietuirii-multietnice%2F|title:Timisoara-%20Capitala%20Europeana%20a%20convietuirii%20multietnice&#8221; title=&#8221;Povestea&#8221; description=&#8221;Asocia\u021bia Cultural\u0103 Metropolis, \u00een parteneriat cu ONG-ul norvegian [&hellip;]<\/p>\n","protected":false},"author":1,"featured_media":0,"parent":0,"menu_order":0,"comment_status":"closed","ping_status":"closed","template":"","meta":{"footnotes":""},"class_list":["post-743","page","type-page","status-publish","hentry"],"_links":{"self":[{"href":"https:\/\/asociatiametropolis.ro\/timisoaramultietnica\/wp-json\/wp\/v2\/pages\/743","targetHints":{"allow":["GET"]}}],"collection":[{"href":"https:\/\/asociatiametropolis.ro\/timisoaramultietnica\/wp-json\/wp\/v2\/pages"}],"about":[{"href":"https:\/\/asociatiametropolis.ro\/timisoaramultietnica\/wp-json\/wp\/v2\/types\/page"}],"author":[{"embeddable":true,"href":"https:\/\/asociatiametropolis.ro\/timisoaramultietnica\/wp-json\/wp\/v2\/users\/1"}],"replies":[{"embeddable":true,"href":"https:\/\/asociatiametropolis.ro\/timisoaramultietnica\/wp-json\/wp\/v2\/comments?post=743"}],"version-history":[{"count":5,"href":"https:\/\/asociatiametropolis.ro\/timisoaramultietnica\/wp-json\/wp\/v2\/pages\/743\/revisions"}],"predecessor-version":[{"id":1017,"href":"https:\/\/asociatiametropolis.ro\/timisoaramultietnica\/wp-json\/wp\/v2\/pages\/743\/revisions\/1017"}],"wp:attachment":[{"href":"https:\/\/asociatiametropolis.ro\/timisoaramultietnica\/wp-json\/wp\/v2\/media?parent=743"}],"curies":[{"name":"wp","href":"https:\/\/api.w.org\/{rel}","templated":true}]}}